{"id":1477,"date":"2022-09-12T16:01:58","date_gmt":"2022-09-12T16:01:58","guid":{"rendered":"http:\/\/son.webrt.net\/noithat\/?post_type=product&#038;p=1477"},"modified":"2022-09-12T16:01:58","modified_gmt":"2022-09-12T16:01:58","slug":"tam-nano-pvc-dan-film","status":"publish","type":"product","link":"https:\/\/noithat.vinastar.info\/?product=tam-nano-pvc-dan-film","title":{"rendered":"T\u1ea5m Nano PVC d\u00e1n film"},"content":{"rendered":"<p><img loading=\"lazy\" class=\"alignnone size-medium wp-image-1474\" src=\"http:\/\/noithat.thietkewebsite.me\/wp-content\/uploads\/2022\/09\/nano3-400x400.jpg\" alt=\"\" width=\"400\" height=\"400\" srcset=\"https:\/\/noithat.vinastar.info\/wp-content\/uploads\/2022\/09\/nano3-400x400.jpg 400w, https:\/\/noithat.vinastar.info\/wp-content\/uploads\/2022\/09\/nano3-280x280.jpg 280w, https:\/\/noithat.vinastar.info\/wp-content\/uploads\/2022\/09\/nano3-600x600.jpg 600w, https:\/\/noithat.vinastar.info\/wp-content\/uploads\/2022\/09\/nano3-100x100.jpg 100w, https:\/\/noithat.vinastar.info\/wp-content\/uploads\/2022\/09\/nano3.jpg 624w\" sizes=\"(max-width: 400px) 100vw, 400px\" \/><\/p>\n<p>\u2013<strong> C\u00e1c \u0111\u1eb7c t\u00ednh n\u1ed5i b\u1eadt c\u1ee7a T\u1ea5m \u1ed0p T\u01b0\u1eddng PVC:<\/strong><\/p>\n<ul>\n<li>Ch\u1ed1ng n\u01b0\u1edbc \u2013 Ch\u1ed1ng m\u1ed1i m\u1ecdt: V\u1eadt li\u1ec7u T\u1ea5m \u1ed1p t\u01b0\u1eddng c\u00f3 kh\u1ea3 n\u0103ng ch\u1ed1ng n\u01b0\u1edbc tuy\u1ec7t \u0111\u1ed1i, \u0111\u1eb7c bi\u1ec7t ph\u00f9 h\u1ee3p cho c\u00e1c khu v\u1ef1c c\u00f3 \u0111\u1ed9 \u1ea9m cao nh\u01b0 kh\u00f4ng gian b\u1ebfp, khu v\u1ec7 sinh,v\u00e0 khu v\u1ef1c ngo\u00e0i tr\u1eddi.<\/li>\n<li>Ch\u1ecbu nhi\u1ec7t \u2013 Ch\u1ed1ng ch\u00e1y: T\u1ea5m \u1ed1p t\u01b0\u1eddng c\u00f3 kh\u1ea3 n\u0103ng ch\u1ecbu nhi\u1ec7t cao nh\u1edd v\u00e0o th\u00e0nh ph\u1ea7n ch\u00ednh c\u1ee7a t\u1ea5m l\u00e0 h\u1ea1t nh\u1ef1a nguy\u00ean sinh v\u00e0 b\u1ed9t \u0111\u00e1 v\u00f4i. Do v\u1eady s\u1ea3n ph\u1ea9m t\u1ea5m \u1ed1p t\u01b0\u1eddng ho\u00e0n to\u00e0n th\u00edch h\u1ee3p s\u1eed d\u1ee5ng \u1edf c\u00e1c khu v\u1ef1c c\u00f3 y\u00eau c\u1ea7u ti\u00eau chu\u1ea9n cao v\u1ec1 ph\u00f2ng ch\u00e1y ch\u1eefa ch\u00e1y trong c\u00f4ng tr\u00ecnh.<\/li>\n<li>An to\u00e0n \u2013 b\u1ea3o v\u1ec7 s\u1ee9c kh\u1ecfe: T\u1ea5m \u1ed1p t\u01b0\u1eddng \u0111\u01b0\u1ee3c khi\u1ec3m nghi\u1ec7m ch\u1ea5t l\u01b0\u1ee3ng \u0111\u1ea3m b\u1ea3o kh\u00f4ng g\u00e2y \u1ea3nh h\u01b0\u1edfng \u0111\u1ebfn s\u1ee9c kho\u1ebb cho c\u1ea3 ng\u01b0\u1eddi thi c\u00f4ng v\u00e0 ng\u01b0\u1eddi s\u1eed d\u1ee5ng. \u0110\u1ed3ng th\u1eddi ng\u0103n ng\u1eeba vi khu\u1ea9n, ch\u1ed1ng ch\u1ecbu th\u1eddi ti\u1ebft n\u00f3ng \u1ea5m b\u1ea3o v\u1ec7 s\u1ee9c kh\u1ecfe ng\u01b0\u1eddi s\u1eed d\u1ee5ng.<\/li>\n<li>Ti\u1ebft ki\u1ec7m chi ph\u00ed x\u00e2y d\u1ef1ng \u2013 thi c\u00f4ng: T\u1ea5m \u1ed1p t\u01b0\u1eddng c\u00f3 kh\u1ed1i l\u01b0\u1ee3ng nh\u1eb9 h\u01a1n t\u1ea5m \u1ed1p \u0111\u00e1 , c\u00f4ng ngh\u1ec7 h\u00e8m kh\u00f3a \u00e2m d\u01b0\u01a1ng hi\u1ec7n \u0111\u1ea1i thi c\u00f4ng nhanh, l\u1eafp \u0111\u1eb7t ngay tr\u00ean b\u1ec1 m\u1eb7t th\u00f4, c\u00f3 th\u1ec3 th\u00e1o l\u1eafp di chuy\u1ec3n sang c\u00f4ng tr\u00ecnh m\u1edbi, ti\u1ebft ki\u1ec7m chi ph\u00ed b\u1ea3o tr\u00ec khi s\u1eed d\u1ee5ng trong m\u1ed9t th\u1eddi gian d\u00e0i.<\/li>\n<li>C\u00e1ch \u00e2m, gi\u1eef nhi\u1ec7t \u1ed5n \u0111\u1ecbnh: T\u1ea5m \u1ed1p t\u01b0\u1eddng gi\u1ea3m ngu\u1ed3n t\u1ea1p \u00e2m mang \u0111\u1ebfn kh\u00f4ng gian y\u00ean t\u0129nh. C\u00f9ng \u0111\u00f3 t\u1ea5m \u1ed1p t\u01b0\u1eddng c\u00f3 kh\u1ea3 n\u0103ng gi\u1ea3m thi\u1ec3u t\u00ecnh tr\u1ea1ng n\u1eafng n\u00f3ng v\u00e0o nh\u1eefng ng\u00e0y h\u00e8 v\u00e0 hi\u1ec7n t\u01b0\u1ee3ng l\u1ea1nh gi\u00e1 trong m\u00f9a \u0111\u00f4ng, c\u00f3 t\u00e1c d\u1ee5ng h\u1ea1n ch\u1ebf t\u00ecnh tr\u1ea1ng khuy\u1ebfch t\u00e1n nhi\u1ec7t \u0111\u1ed9 t\u1eeb trong c\u0103n ph\u00f2ng ra m\u00f4i tr\u01b0\u1eddng b\u00ean ngo\u00e0i khi s\u1eed d\u1ee5ng \u0111i\u1ec1u h\u00f2a.<\/li>\n<\/ul>\n","protected":false},"excerpt":{"rendered":"<p><strong>Quy c\u00e1ch<\/strong> <strong>s\u1ea3n ph\u1ea9m<\/strong>: L\u1edbp c\u1ed1t nh\u1ef1a c\u00f3 2 lo\u1ea1i 7mm v\u00e0 9mm, chi\u1ec1u d\u00e0i theo y\u00eau c\u1ea7u c\u1ee7a kh\u00e1ch h\u00e0ng.<\/p>\n<p><strong>\u00a0C\u1ea5u t\u1ea1o T\u1ea5m \u1ed0p T\u01b0\u1eddng PVC<\/strong>: L\u1edbp l\u00f5i T\u1ea5m \u1ed0p T\u01b0\u1eddng \u0111\u01b0\u1ee3c c\u1ea5u th\u00e0nh t\u1eeb c\u00e1c lo\u1ea1i v\u1eadt li\u1ec7u b\u1ed9t nh\u1ef1a PVC, b\u1ed9t \u0111\u00e1 cao c\u1ea5p \u0111i k\u00e8m v\u1edbi \u0111\u00f3 l\u00e0 c\u00e1c ch\u1ea5t ph\u1ee5 gia \u0111\u1ec3 \u0111\u1ea3m b\u1ea3o an to\u00e0n tuy\u1ec7t \u0111\u1ed1i cho ng\u01b0\u1eddi d\u00f9ng. \u0110\u00e2y l\u00e0 s\u1ea3n ph\u1ea9m \u0111\u01b0\u1ee3c \u00e1p d\u1ee5ng v\u1edbi c\u00f4ng ngh\u1ec7 \u00e9p \u0111\u00f9n t\u1ea1o n\u00ean ki\u1ebfn tr\u00fac r\u1ed7ng l\u00f5i cho s\u1ea3n ph\u1ea9m, t\u0103ng \u0111\u00e1ng k\u1ec3 kh\u1ea3 n\u0103ng ch\u1ed1ng \u1ed3n, ch\u1ed1ng th\u1ea5m v\u00e0 ch\u1ecbu nhi\u1ec7t.<\/p>\n<p>&nbsp;<\/p>\n","protected":false},"featured_media":1474,"comment_status":"open","ping_status":"closed","template":"","meta":[],"_links":{"self":[{"href":"https:\/\/noithat.vinastar.info\/index.php?rest_route=\/wp\/v2\/product\/1477"}],"collection":[{"href":"https:\/\/noithat.vinastar.info\/index.php?rest_route=\/wp\/v2\/product"}],"about":[{"href":"https:\/\/noithat.vinastar.info\/index.php?rest_route=\/wp\/v2\/types\/product"}],"replies":[{"embeddable":true,"href":"https:\/\/noithat.vinastar.info\/index.php?rest_route=%2Fwp%2Fv2%2Fcomments&post=1477"}],"wp:featuredmedia":[{"embeddable":true,"href":"https:\/\/noithat.vinastar.info\/index.php?rest_route=\/wp\/v2\/media\/1474"}],"wp:attachment":[{"href":"https:\/\/noithat.vinastar.info\/index.php?rest_route=%2Fwp%2Fv2%2Fmedia&parent=1477"}],"curies":[{"name":"wp","href":"https:\/\/api.w.org\/{rel}","templated":true}]}}