{"id":1470,"date":"2022-09-12T15:43:00","date_gmt":"2022-09-12T15:43:00","guid":{"rendered":"http:\/\/son.webrt.net\/noithat\/?post_type=product&#038;p=1470"},"modified":"2022-09-12T15:43:00","modified_gmt":"2022-09-12T15:43:00","slug":"gioang-nhua-pvc-2","status":"publish","type":"product","link":"https:\/\/noithat.vinastar.info\/?product=gioang-nhua-pvc-2","title":{"rendered":"Gio\u0103ng nh\u1ef1a PVC"},"content":{"rendered":"<p><img loading=\"lazy\" class=\"alignnone size-full wp-image-1437\" src=\"http:\/\/noithat.thietkewebsite.me\/wp-content\/uploads\/2022\/09\/gioang1.png\" alt=\"\" width=\"600\" height=\"243\" \/><\/p>\n<p><strong>Gio\u0103ng nh\u1ef1a PVC:<\/strong><\/p>\n<p>Ch\u00fang t\u00f4i s\u1ea3n xu\u1ea5t c\u00e1c lo\u1ea1i gio\u0103ng nh\u1ef1a pvc ch\u1ea5t l\u01b0\u1ee3ng t\u1ed1t d\u00f9ng \u0111\u1ec3 l\u00e0m gio\u0103ng c\u1eeda, gio\u0103ng c\u1eeda g\u1ed7, gio\u0103ng nh\u00f4m k\u00ednh,&#8230; Gio\u0103ng nh\u1ef1a pvc d\u00f9ng \u0111\u1ec3 l\u00e0m k\u00edn, c\u00e1ch \u00e2m, c\u00e1ch nhi\u1ec7t, ch\u1ed1ng \u1ed3n, ng\u0103n n\u01b0\u1edbc v\u00e0 b\u1ee5i, ch\u1ed1ng tho\u00e1t nhi\u1ec7t,\u2026<\/p>\n<p>&nbsp;<\/p>\n","protected":false},"excerpt":{"rendered":"<p><strong>Quy c\u00e1ch s\u1ea3n ph\u1ea9m: <\/strong>Gio\u0103ng nh\u1ef1a pvc c\u00f3 nhi\u1ec1u h\u00ecnh d\u1ea1ng v\u00e0 bi\u00ean d\u1ea1ng kh\u00e1c nhau. B\u1edfi v\u00ec ch\u1ee7ng lo\u1ea1i v\u00e0 k\u00edch th\u01b0\u1edbc, \u1ee9ng d\u1ee5ng c\u1ee7a gio\u0103ng nh\u1ef1a pvc r\u1ea5t nhi\u1ec1u, \u1edf nh\u1eefng v\u1ecb tr\u00ed l\u1eafp \u0111\u1eb7t gio\u0103ng c\u1ea7n ph\u1ea3i c\u00f3 k\u00edch th\u01b0\u1edbc ch\u00ednh x\u00e1c, bi\u00ean d\u1ea1ng \u0111\u00fang n\u1ebfu kh\u00f4ng gio\u0103ng s\u1ebd kh\u00f4ng \u0111\u1ea3m b\u1ea3o \u0111\u01b0\u1ee3c nhi\u1ec7m v\u1ee5 l\u00e0m k\u00edn, c\u00e1ch \u00e2m, ng\u0103n n\u01b0\u1edbc v\u00e0 b\u1ee5i\u2026 Qu\u00fd kh\u00e1ch c\u00f3 th\u1ec3 \u0111\u1eb7t h\u00e0ng \u0111\u1ec3 ch\u00fang t\u00f4i s\u1ea3n xu\u1ea5t theo m\u1eabu v\u00e0 y\u00eau c\u1ea7u c\u1ee7a qu\u00fd kh\u00e1ch.<\/p>\n<p>&nbsp;<\/p>\n<p><strong>C\u00e1c \u0111\u1eb7c t\u00ednh c\u1ea7n thi\u1ebft c\u1ee7a Gio\u0103ng nh\u1ef1a PVC: <\/strong>\u0110\u1ec3 \u0111\u1ea3m b\u1ea3o c\u00f3 \u0111\u1ea7y \u0111\u1ee7 c\u00e1c \u0111\u1eb7c t\u00ednh nh\u01b0: \u0111\u00e0n h\u1ed3i, l\u00e0m k\u00edn, c\u00e1ch \u00e2m,\u2026 Gio\u0103ng nh\u1ef1a PVC ph\u1ea3i \u0111\u01b0\u1ee3c l\u00e0m t\u1eeb nguy\u00ean li\u1ec7u t\u1ed1t, kh\u00f4ng \u0111\u01b0\u1ee3c pha t\u1ea1p nhi\u1ec1u t\u1ea1p ch\u1ea5t,&#8230;<\/p>\n","protected":false},"featured_media":1438,"comment_status":"open","ping_status":"closed","template":"","meta":[],"_links":{"self":[{"href":"https:\/\/noithat.vinastar.info\/index.php?rest_route=\/wp\/v2\/product\/1470"}],"collection":[{"href":"https:\/\/noithat.vinastar.info\/index.php?rest_route=\/wp\/v2\/product"}],"about":[{"href":"https:\/\/noithat.vinastar.info\/index.php?rest_route=\/wp\/v2\/types\/product"}],"replies":[{"embeddable":true,"href":"https:\/\/noithat.vinastar.info\/index.php?rest_route=%2Fwp%2Fv2%2Fcomments&post=1470"}],"wp:featuredmedia":[{"embeddable":true,"href":"https:\/\/noithat.vinastar.info\/index.php?rest_route=\/wp\/v2\/media\/1438"}],"wp:attachment":[{"href":"https:\/\/noithat.vinastar.info\/index.php?rest_route=%2Fwp%2Fv2%2Fmedia&parent=1470"}],"curies":[{"name":"wp","href":"https:\/\/api.w.org\/{rel}","templated":true}]}}