{"id":1455,"date":"2022-09-12T14:40:19","date_gmt":"2022-09-12T14:40:19","guid":{"rendered":"http:\/\/son.webrt.net\/noithat\/?post_type=product&#038;p=1455"},"modified":"2022-09-12T14:52:18","modified_gmt":"2022-09-12T14:52:18","slug":"nep-van-san","status":"publish","type":"product","link":"https:\/\/noithat.vinastar.info\/?product=nep-van-san","title":{"rendered":"N\u1eb9p v\u00e1n s\u00e0n"},"content":{"rendered":"<p><img loading=\"lazy\" class=\"alignnone size-medium wp-image-1456\" src=\"http:\/\/noithat.thietkewebsite.me\/wp-content\/uploads\/2022\/09\/Nep-F-400x400.jpg\" alt=\"\" width=\"400\" height=\"400\" srcset=\"https:\/\/noithat.vinastar.info\/wp-content\/uploads\/2022\/09\/Nep-F-400x400.jpg 400w, https:\/\/noithat.vinastar.info\/wp-content\/uploads\/2022\/09\/Nep-F-280x280.jpg 280w, https:\/\/noithat.vinastar.info\/wp-content\/uploads\/2022\/09\/Nep-F-100x100.jpg 100w, https:\/\/noithat.vinastar.info\/wp-content\/uploads\/2022\/09\/Nep-F.jpg 483w\" sizes=\"(max-width: 400px) 100vw, 400px\" \/><img loading=\"lazy\" class=\"alignnone size-medium wp-image-1457\" src=\"http:\/\/noithat.thietkewebsite.me\/wp-content\/uploads\/2022\/09\/nep-2-300x400.jpg\" alt=\"\" width=\"300\" height=\"400\" srcset=\"https:\/\/noithat.vinastar.info\/wp-content\/uploads\/2022\/09\/nep-2-300x400.jpg 300w, https:\/\/noithat.vinastar.info\/wp-content\/uploads\/2022\/09\/nep-2-600x800.jpg 600w, https:\/\/noithat.vinastar.info\/wp-content\/uploads\/2022\/09\/nep-2.jpg 624w\" sizes=\"(max-width: 300px) 100vw, 300px\" \/><\/p>\n","protected":false},"excerpt":{"rendered":"<p><span style=\"font-family: arial, helvetica, sans-serif;\"><strong>\u0110\u1eb7c \u0111i\u1ec3m:<\/strong> Do \u0111\u01b0\u1ee3c l\u00e0m t\u1eeb ch\u1ea5t li\u1ec7u PVC c\u00f3 \u0111\u1eb7c \u0111i\u1ec3m r\u1ea5t c\u1ee9ng \u0111\u1ec3 ch\u1ecbu \u0111\u01b0\u1ee3c nh\u1eefng t\u00e1c \u0111\u1ed9ng do va \u0111\u1eadp, duy tr\u00ecnh \u0111\u01b0\u1ee3c kh\u1ea3 n\u0103ng gi\u1eef c\u00e1c m\u1ed1i h\u00e8m kh\u00f3a gi\u1eefa c\u00e1c v\u00e1n s\u00e0n g\u1ed7 c\u00f4ng nghi\u1ec7p. Ngo\u00e0i ra, nh\u1eefng s\u1ea3n ph\u1ea9m n\u1eb9p nh\u1ef1a n\u00e0y kh\u00f4ng th\u1ea5m n\u01b0\u1edbc, ch\u1ecbu n\u01b0\u1edbc, ch\u1ecbu \u1ea9m t\u1ed1t nh\u1ea5t \u0111\u1ec3 t\u1ea1o n\u00ean \u0111\u1ed9 b\u1ec1n, kh\u00f4ng cong v\u00eanh<\/span><\/p>\n<p><span style=\"font-family: arial, helvetica, sans-serif;\"><strong>C\u1ea5u t\u1ea1o:<\/strong>\u00a0Nh\u1eefng s\u1ea3n ph\u1ea9m ph\u00e0o n\u1eb9p PVC c\u00f3 c\u1ea5u t\u1ea1o t\u1eeb PVC t\u1ed5ng h\u1ee3p th\u00e2n thi\u1ec7n v\u1edbi m\u00f4i tr\u01b0\u1eddng, kh\u00f4ng ch\u1ee9a ch\u1ea5t \u0111\u1ed9c h\u1ea1i \u0111\u1ed3ng th\u1eddi \u0111\u1ed9 b\u1ec1n cao \u0111\u1ec3 b\u1ea3o v\u1ec7 t\u1ed5 nh\u1ea5t cho kh\u00f4ng gian s\u00e0n g\u1ed7.<\/span><\/p>\n<p><span style=\"font-family: arial, helvetica, sans-serif;\"><strong>Quy c\u00e1ch:<\/strong> D\u00e0i 2,7m (c\u00f3 th\u1ec3 theo y\u00eau c\u1ea7u kh\u00e1ch h\u00e0ng) d\u00f9ng cho s\u00e0n g\u1ed7 8mm v\u00e0 12mm<\/span><\/p>\n","protected":false},"featured_media":1456,"comment_status":"open","ping_status":"closed","template":"","meta":[],"_links":{"self":[{"href":"https:\/\/noithat.vinastar.info\/index.php?rest_route=\/wp\/v2\/product\/1455"}],"collection":[{"href":"https:\/\/noithat.vinastar.info\/index.php?rest_route=\/wp\/v2\/product"}],"about":[{"href":"https:\/\/noithat.vinastar.info\/index.php?rest_route=\/wp\/v2\/types\/product"}],"replies":[{"embeddable":true,"href":"https:\/\/noithat.vinastar.info\/index.php?rest_route=%2Fwp%2Fv2%2Fcomments&post=1455"}],"wp:featuredmedia":[{"embeddable":true,"href":"https:\/\/noithat.vinastar.info\/index.php?rest_route=\/wp\/v2\/media\/1456"}],"wp:attachment":[{"href":"https:\/\/noithat.vinastar.info\/index.php?rest_route=%2Fwp%2Fv2%2Fmedia&parent=1455"}],"curies":[{"name":"wp","href":"https:\/\/api.w.org\/{rel}","templated":true}]}}