{"id":1435,"date":"2022-09-12T13:59:52","date_gmt":"2022-09-12T13:59:52","guid":{"rendered":"http:\/\/son.webrt.net\/noithat\/?post_type=product&#038;p=1435"},"modified":"2022-09-12T13:59:52","modified_gmt":"2022-09-12T13:59:52","slug":"gioang-nhua-pvc","status":"publish","type":"product","link":"https:\/\/noithat.vinastar.info\/?product=gioang-nhua-pvc","title":{"rendered":"Gio\u0103ng nh\u1ef1a PVC"},"content":{"rendered":"<p>Gio\u0103ng nh\u1ef1a PVC:<\/p>\n<p>Ch\u00fang t\u00f4i s\u1ea3n xu\u1ea5t c\u00e1c lo\u1ea1i gio\u0103ng nh\u1ef1a pvc ch\u1ea5t l\u01b0\u1ee3ng t\u1ed1t d\u00f9ng \u0111\u1ec3 l\u00e0m gio\u0103ng c\u1eeda, gio\u0103ng c\u1eeda g\u1ed7, gio\u0103ng nh\u00f4m k\u00ednh,\u2026.. Gio\u0103ng nh\u1ef1a pvc d\u00f9ng \u0111\u1ec3 l\u00e0m k\u00edn, c\u00e1ch \u00e2m, c\u00e1ch nhi\u1ec7t, ch\u1ed1ng \u1ed3n, ng\u0103n n\u01b0\u1edbc v\u00e0 b\u1ee5i, ch\u1ed1ng tho\u00e1t nhi\u1ec7t,\u2026<\/p>\n","protected":false},"excerpt":{"rendered":"<p>C\u00e1c \u0111\u1eb7c t\u00ednh c\u1ea7n thi\u1ebft c\u1ee7a Gio\u0103ng nh\u1ef1a PVC:<\/p>\n<p>\u0110\u1ec3 \u0111\u1ea3m b\u1ea3o c\u00f3 \u0111\u1ea7y \u0111\u1ee7 c\u00e1c \u0111\u1eb7c t\u00ednh nh\u01b0: \u0111\u00e0n h\u1ed3i, l\u00e0m k\u00edn, c\u00e1ch \u00e2m,\u2026 Gio\u0103ng nh\u1ef1a PVC ph\u1ea3i \u0111\u01b0\u1ee3c l\u00e0m t\u1eeb nguy\u00ean li\u1ec7u t\u1ed1t, kh\u00f4ng \u0111\u01b0\u1ee3c pha t\u1ea1p nhi\u1ec1u t\u1ea1p ch\u1ea5t,&#8230;<\/p>\n","protected":false},"featured_media":1438,"comment_status":"open","ping_status":"closed","template":"","meta":[],"_links":{"self":[{"href":"https:\/\/noithat.vinastar.info\/index.php?rest_route=\/wp\/v2\/product\/1435"}],"collection":[{"href":"https:\/\/noithat.vinastar.info\/index.php?rest_route=\/wp\/v2\/product"}],"about":[{"href":"https:\/\/noithat.vinastar.info\/index.php?rest_route=\/wp\/v2\/types\/product"}],"replies":[{"embeddable":true,"href":"https:\/\/noithat.vinastar.info\/index.php?rest_route=%2Fwp%2Fv2%2Fcomments&post=1435"}],"wp:featuredmedia":[{"embeddable":true,"href":"https:\/\/noithat.vinastar.info\/index.php?rest_route=\/wp\/v2\/media\/1438"}],"wp:attachment":[{"href":"https:\/\/noithat.vinastar.info\/index.php?rest_route=%2Fwp%2Fv2%2Fmedia&parent=1435"}],"curies":[{"name":"wp","href":"https:\/\/api.w.org\/{rel}","templated":true}]}}