{"id":1401,"date":"2022-09-07T02:39:15","date_gmt":"2022-09-07T02:39:15","guid":{"rendered":"http:\/\/son.webrt.net\/noithat\/?post_type=product&#038;p=1401"},"modified":"2022-09-07T02:54:31","modified_gmt":"2022-09-07T02:54:31","slug":"ten-san-pham-1","status":"publish","type":"product","link":"https:\/\/noithat.vinastar.info\/?product=ten-san-pham-1","title":{"rendered":"t\u00ean s\u1ea3n ph\u1ea9m 1"},"content":{"rendered":"<p>\u0111\u00e2y l\u00e0 n\u1ed9i dung<\/p>\n","protected":false},"excerpt":{"rendered":"<p>m\u00f4 t\u1ea3 ng\u1eafn c\u1ee7a s\u1ea3n p\u1ea9m<\/p>\n","protected":false},"featured_media":1239,"comment_status":"open","ping_status":"closed","template":"","meta":[],"_links":{"self":[{"href":"https:\/\/noithat.vinastar.info\/index.php?rest_route=\/wp\/v2\/product\/1401"}],"collection":[{"href":"https:\/\/noithat.vinastar.info\/index.php?rest_route=\/wp\/v2\/product"}],"about":[{"href":"https:\/\/noithat.vinastar.info\/index.php?rest_route=\/wp\/v2\/types\/product"}],"replies":[{"embeddable":true,"href":"https:\/\/noithat.vinastar.info\/index.php?rest_route=%2Fwp%2Fv2%2Fcomments&post=1401"}],"wp:featuredmedia":[{"embeddable":true,"href":"https:\/\/noithat.vinastar.info\/index.php?rest_route=\/wp\/v2\/media\/1239"}],"wp:attachment":[{"href":"https:\/\/noithat.vinastar.info\/index.php?rest_route=%2Fwp%2Fv2%2Fmedia&parent=1401"}],"curies":[{"name":"wp","href":"https:\/\/api.w.org\/{rel}","templated":true}]}}